{"id":100,"date":"2025-11-12T14:42:35","date_gmt":"2025-11-12T14:42:35","guid":{"rendered":"https:\/\/concepcionmartincalbarro.com\/?page_id=100"},"modified":"2025-12-22T11:18:14","modified_gmt":"2025-12-22T11:18:14","slug":"como-trabajamos","status":"publish","type":"page","link":"https:\/\/concepcionmartincalbarro.com\/en\/como-trabajamos\/","title":{"rendered":"C\u00f3mo trabajamos"},"content":{"rendered":"<p>[et_pb_section fb_built=\u00bb1&#8243; custom_padding_last_edited=\u00bboff|desktop\u00bb module_class=\u00bbcutpl-on-1550&#8243; _builder_version=\u00bb4.27.0&#8243; _module_preset=\u00bbdefault\u00bb use_background_color_gradient=\u00bbon\u00bb background_color_gradient_direction=\u00bb130deg\u00bb background_color_gradient_stops=\u00bb#0a3d62 24%|rgba(14,76,89,0.08) 100%\u00bb background_color_gradient_overlays_image=\u00bbon\u00bb background_image=\u00bbhttps:\/\/concepcionmartincalbarro.com\/wp-content\/uploads\/2025\/12\/112389.jpg\u00bb background_position=\u00bbbottom_left\u00bb custom_margin=\u00bb0px||0px||false|false\u00bb custom_padding_tablet=\u00bb275px|40px|70px|40px|false|false\u00bb custom_padding_phone=\u00bb100px|0px|100px|0px|true|false\u00bb animation_style=\u00bbfade\u00bb animation_speed_curve=\u00bbease\u00bb background_last_edited=\u00bboff|desktop\u00bb background_position_phone=\u00bbcenter_right\u00bb background_horizontal_offset_phone=\u00bb15%\u00bb global_colors_info=\u00bb{}\u00bb][et_pb_row _builder_version=\u00bb4.27.0&#8243; _module_preset=\u00bbdefault\u00bb width=\u00bb90%\u00bb global_colors_info=\u00bb{}\u00bb][et_pb_column type=\u00bb4_4&#8243; _builder_version=\u00bb4.25.1&#8243; _module_preset=\u00bbdefault\u00bb global_colors_info=\u00bb{}\u00bb][et_pb_text _builder_version=\u00bb4.27.0&#8243; header_3_font=\u00bbCrimson Text|600|||||||\u00bb header_3_text_align=\u00bbcenter\u00bb header_3_text_color=\u00bb#FFF9F1&#8243; header_3_font_size=\u00bb35px\u00bb header_3_line_height=\u00bb1.2em\u00bb max_width=\u00bb1200px\u00bb module_alignment=\u00bbcenter\u00bb custom_margin=\u00bb|||0px|false|false\u00bb custom_padding=\u00bb|||0px||\u00bb header_3_font_size_tablet=\u00bb\u00bb header_3_font_size_phone=\u00bb25px\u00bb header_3_font_size_last_edited=\u00bbon|phone\u00bb global_colors_info=\u00bb{}\u00bb]<\/p>\n<h3 style=\"text-align: center;\">Despacho Jur\u00eddico Pluridisciplinar en Almer\u00eda<\/h3>\n<p>[\/et_pb_text][\/et_pb_column][\/et_pb_row][\/et_pb_section][et_pb_section fb_built=\u00bb1&#8243; custom_padding_last_edited=\u00bbon|phone\u00bb admin_label=\u00bbsection\u00bb _builder_version=\u00bb4.27.0&#8243; custom_padding=\u00bb31px||31px||true|\u00bb custom_padding_tablet=\u00bb90px||90px||true|\u00bb custom_padding_phone=\u00bb0px||0px||true|false\u00bb global_colors_info=\u00bb{}\u00bb][et_pb_row column_structure=\u00bb1_2,1_2&#8243; use_custom_gutter=\u00bbon\u00bb gutter_width=\u00bb2&#8243; make_equal=\u00bbon\u00bb admin_label=\u00bbrow\u00bb _builder_version=\u00bb4.27.0&#8243; background_size=\u00bbinitial\u00bb background_position=\u00bbtop_left\u00bb background_repeat=\u00bbrepeat\u00bb width=\u00bb90%\u00bb width_tablet=\u00bb90%\u00bb width_phone=\u00bb90%\u00bb width_last_edited=\u00bbon|desktop\u00bb max_width=\u00bb1120px\u00bb max_width_tablet=\u00bb90%\u00bb max_width_phone=\u00bb90%\u00bb max_width_last_edited=\u00bbon|tablet\u00bb global_colors_info=\u00bb{}\u00bb][et_pb_column type=\u00bb1_2&#8243; _builder_version=\u00bb4.16&#8243; custom_padding=\u00bb|||\u00bb global_colors_info=\u00bb{}\u00bb custom_padding__hover=\u00bb|||\u00bb][et_pb_image src=\u00bbhttps:\/\/concepcionmartincalbarro.com\/wp-content\/uploads\/2025\/11\/lawyer-52-1.jpg\u00bb _builder_version=\u00bb4.16&#8243; max_width_tablet=\u00bb\u00bb max_width_phone=\u00bb70%\u00bb max_width_last_edited=\u00bbon|phone\u00bb scroll_vertical_motion_enable=\u00bbon\u00bb scroll_vertical_motion=\u00bb0|50|50|100|4|0|0&#8243; module_alignment_tablet=\u00bbleft\u00bb module_alignment_phone=\u00bbleft\u00bb module_alignment_last_edited=\u00bbon|phone\u00bb scroll_vertical_motion_tablet=\u00bb0|50|50|100|0|0|0&#8243; scroll_vertical_motion_phone=\u00bb0|50|50|100|0|0|0&#8243; scroll_vertical_motion_last_edited=\u00bbon|phone\u00bb box_shadow_style=\u00bbpreset1&#8243; box_shadow_vertical=\u00bb12px\u00bb box_shadow_blur=\u00bb51px\u00bb global_colors_info=\u00bb{}\u00bb][\/et_pb_image][et_pb_image src=\u00bbhttps:\/\/concepcionmartincalbarro.com\/wp-content\/uploads\/2025\/12\/17008.jpg\u00bb title_text=\u00bb17008&#8243; _builder_version=\u00bb4.27.0&#8243; z_index=\u00bb214&#8243; max_width_tablet=\u00bb\u00bb max_width_phone=\u00bb70%\u00bb max_width_last_edited=\u00bbon|phone\u00bb custom_margin=\u00bb-362px|||80px|false|false\u00bb custom_margin_tablet=\u00bb-372px||||false|false\u00bb custom_margin_phone=\u00bb-220px|||80px|false|false\u00bb custom_margin_last_edited=\u00bbon|phone\u00bb scroll_scaling_enable=\u00bbon\u00bb module_alignment_tablet=\u00bb\u00bb module_alignment_phone=\u00bbright\u00bb module_alignment_last_edited=\u00bbon|phone\u00bb scroll_scaling_tablet=\u00bb0|50|50|100|100%|100|100&#8243; scroll_scaling_phone=\u00bb0|50|50|100|100%|100|100&#8243; scroll_scaling_last_edited=\u00bbon|phone\u00bb border_width_all=\u00bb10px\u00bb border_color_all=\u00bb#ffffff\u00bb box_shadow_style=\u00bbpreset3&#8243; box_shadow_vertical=\u00bb19px\u00bb box_shadow_blur=\u00bb50px\u00bb box_shadow_color=\u00bbrgba(155,155,155,0.3)\u00bb global_colors_info=\u00bb{}\u00bb][\/et_pb_image][et_pb_blurb title=\u00bb20&#8243; image=\u00bbhttps:\/\/concepcionmartincalbarro.com\/wp-content\/uploads\/2025\/11\/lawyer-57-1.png\u00bb image_icon_width=\u00bb40px\u00bb icon_alignment=\u00bbleft\u00bb content_max_width=\u00bb100%\u00bb _builder_version=\u00bb4.27.0&#8243; header_font=\u00bbCrimson Text||||||||\u00bb header_text_align=\u00bbleft\u00bb header_text_color=\u00bb#ffffff\u00bb header_font_size=\u00bb40px\u00bb header_line_height=\u00bb0.4em\u00bb body_text_align=\u00bbleft\u00bb body_text_color=\u00bb#ffffff\u00bb body_font_size=\u00bb15px\u00bb body_line_height=\u00bb1.4em\u00bb background_color=\u00bb#40739E\u00bb transform_scale_tablet=\u00bb\u00bb transform_scale_phone=\u00bb\u00bb transform_scale_last_edited=\u00bbon|phone\u00bb transform_translate=\u00bb-60px|0px\u00bb transform_translate_tablet=\u00bb-220px|0px\u00bb transform_translate_phone=\u00bb-30px|0px\u00bb transform_translate_last_edited=\u00bbon|phone\u00bb transform_translate_linked=\u00bboff\u00bb transform_rotate_tablet=\u00bb\u00bb transform_rotate_phone=\u00bb\u00bb transform_rotate_last_edited=\u00bbon|phone\u00bb transform_skew_tablet=\u00bb\u00bb transform_skew_phone=\u00bb\u00bb transform_skew_last_edited=\u00bbon|phone\u00bb transform_origin_tablet=\u00bb\u00bb transform_origin_phone=\u00bb\u00bb transform_origin_last_edited=\u00bbon|phone\u00bb transform_styles_last_edited=\u00bbon|phone\u00bb z_index=\u00bb500&#8243; max_width=\u00bb170px\u00bb module_alignment=\u00bbright\u00bb custom_margin=\u00bb-170px||||false|false\u00bb custom_margin_tablet=\u00bb-180px||||false|false\u00bb custom_margin_phone=\u00bb-120px||||false|false\u00bb custom_margin_last_edited=\u00bbon|phone\u00bb custom_padding=\u00bb30px|30px|28px|30px|false|true\u00bb animation=\u00bboff\u00bb scroll_vertical_motion_enable=\u00bbon\u00bb scroll_vertical_motion=\u00bb0|50|50|100|1|0|0&#8243; transform_styles_tablet=\u00bb\u00bb transform_styles_phone=\u00bb\u00bb scroll_vertical_motion_tablet=\u00bb0|50|50|100|0|0|0&#8243; scroll_vertical_motion_phone=\u00bb0|50|50|100|0|0|0&#8243; scroll_vertical_motion_last_edited=\u00bbon|phone\u00bb image_max_width=\u00bb40px\u00bb global_colors_info=\u00bb{}\u00bb]<\/p>\n<p>A\u00f1os de experiencia<\/p>\n<p>[\/et_pb_blurb][\/et_pb_column][et_pb_column type=\u00bb1_2&#8243; _builder_version=\u00bb4.27.0&#8243; custom_padding=\u00bb0px|||30px|false|false\u00bb custom_padding_tablet=\u00bb50px|||0px|false|false\u00bb custom_padding_phone=\u00bb40px|||0px|false|false\u00bb custom_padding_last_edited=\u00bbon|phone\u00bb global_colors_info=\u00bb{}\u00bb custom_padding__hover=\u00bb|||\u00bb][et_pb_text _builder_version=\u00bb4.27.0&#8243; text_font=\u00bbCrimson Text||on||||||\u00bb text_text_color=\u00bb#0A3D62&#8243; text_font_size=\u00bb25px\u00bb text_line_height=\u00bb1.5em\u00bb custom_margin=\u00bb-10px||||false|false\u00bb custom_margin_tablet=\u00bb-20px||||false|false\u00bb custom_margin_phone=\u00bb-100px||||false|false\u00bb custom_margin_last_edited=\u00bbon|phone\u00bb custom_padding=\u00bb2px|||||\u00bb text_font_size_tablet=\u00bb\u00bb text_font_size_phone=\u00bb20px\u00bb text_font_size_last_edited=\u00bbon|phone\u00bb global_colors_info=\u00bb{}\u00bb]<\/p>\n<p>El despacho de Concepci\u00f3n Mart\u00edn Calbarro desarrolla su actividad profesional desde hace m\u00e1s de dos d\u00e9cadas, ofreciendo asesoramiento y defensa jur\u00eddica en distintas \u00e1reas del Derecho a particulares, familias, empresas y profesionales.<\/p>\n<p>[\/et_pb_text][et_pb_text _builder_version=\u00bb4.27.0&#8243; _module_preset=\u00bbdefault\u00bb text_text_color=\u00bb#0A3D62&#8243; text_line_height=\u00bb1.8em\u00bb global_colors_info=\u00bb{}\u00bb]<\/p>\n<p style=\"text-align: justify;\">La pr\u00e1ctica se apoya en un an\u00e1lisis jur\u00eddico exhaustivo, en la planificaci\u00f3n de la estrategia procesal y en el uso complementario de M\u00e9todos Alternativos de Soluci\u00f3n de Conflictos (MASC), como la mediaci\u00f3n, la conciliaci\u00f3n y la negociaci\u00f3n profesionalizada, cuando el caso lo permite.<\/p>\n<p style=\"text-align: justify;\">El despacho integra las t\u00e9cnicas cl\u00e1sicas de litigaci\u00f3n con herramientas de inteligencia artificial y an\u00e1lisis jur\u00eddico avanzado, manteniendo como eje la seguridad jur\u00eddica, el rigor t\u00e9cnico y el respeto a la deontolog\u00eda profesional. Concepci\u00f3n Mart\u00edn Calbarro desarrolla su actividad profesional desde hace m\u00e1s de dos d\u00e9cadas, ofreciendo asesoramiento y defensa jur\u00eddica en distintas \u00e1reas del Derecho a particulares, familias, empresas y profesionales.<\/p>\n<p>[\/et_pb_text][\/et_pb_column][\/et_pb_row][\/et_pb_section][et_pb_section fb_built=\u00bb1&#8243; _builder_version=\u00bb4.27.0&#8243; custom_padding=\u00bb0px||0px||true|\u00bb global_colors_info=\u00bb{}\u00bb][et_pb_row column_structure=\u00bb1_4,1_4,1_2&#8243; use_custom_gutter=\u00bbon\u00bb gutter_width=\u00bb1&#8243; make_equal=\u00bbon\u00bb _builder_version=\u00bb4.27.0&#8243; width=\u00bb100%\u00bb max_width=\u00bb100%\u00bb custom_padding=\u00bb0px||0px||true|false\u00bb global_colors_info=\u00bb{}\u00bb][et_pb_column type=\u00bb1_4&#8243; _builder_version=\u00bb4.27.0&#8243; background_color=\u00bb#40739E\u00bb animation_style=\u00bbfade\u00bb animation_delay=\u00bb500ms\u00bb border_width_right=\u00bb10px\u00bb border_color_right=\u00bb#ffffff\u00bb border_width_right_tablet=\u00bb\u00bb border_width_right_phone=\u00bb0px\u00bb border_width_right_last_edited=\u00bbon|phone\u00bb border_width_bottom_tablet=\u00bb\u00bb border_width_bottom_phone=\u00bb10px\u00bb border_width_bottom_last_edited=\u00bbon|phone\u00bb border_color_bottom_tablet=\u00bb\u00bb border_color_bottom_phone=\u00bb#ffffff\u00bb border_color_bottom_last_edited=\u00bbon|phone\u00bb global_colors_info=\u00bb{}\u00bb][et_pb_divider show_divider=\u00bboff\u00bb _builder_version=\u00bb4.27.0&#8243; background_image=\u00bbhttps:\/\/concepcionmartincalbarro.com\/wp-content\/uploads\/2025\/11\/un-equipo-legal-que-revisa-documentos-relacionados-con-un-caso-de-soborno-y-malversacion-de-fondos.jpg\u00bb custom_padding=\u00bb42%||42%||true|false\u00bb border_width_bottom=\u00bb10px\u00bb border_color_bottom=\u00bb#ffffff\u00bb global_colors_info=\u00bb{}\u00bb][\/et_pb_divider][et_pb_text _builder_version=\u00bb4.27.0&#8243; text_font=\u00bbCrimson Text||||||||\u00bb text_text_color=\u00bb#ffffff\u00bb text_font_size=\u00bb28px\u00bb text_line_height=\u00bb1.4em\u00bb custom_padding=\u00bb70px|50px||50px|false|true\u00bb global_colors_info=\u00bb{}\u00bb]Concepci\u00f3n Mart\u00edn Calbarro te acompa\u00f1a con rigor, experiencia y compromiso en cada paso.[\/et_pb_text][et_pb_button button_url=\u00bb@ET-DC@eyJkeW5hbWljIjp0cnVlLCJjb250ZW50IjoicG9zdF9saW5rX3VybF9wYWdlIiwic2V0dGluZ3MiOnsicG9zdF9pZCI6IjEwMCJ9fQ==@\u00bb button_text=\u00bbConoce nuestro despacho\u00bb button_alignment=\u00bbleft\u00bb _builder_version=\u00bb4.27.0&#8243; _dynamic_attributes=\u00bbbutton_url\u00bb custom_button=\u00bbon\u00bb button_text_size=\u00bb15px\u00bb button_text_color=\u00bb#ffffff\u00bb button_bg_color=\u00bb#E1B12C\u00bb button_border_width=\u00bb0px\u00bb button_border_color=\u00bb#C3B595&#8243; button_border_radius=\u00bb0px\u00bb button_font=\u00bb||||||||\u00bb button_use_icon=\u00bboff\u00bb custom_margin=\u00bb50px|50px|50px|50px|true|true\u00bb custom_padding=\u00bb14px|35px|14px|35px|true|true\u00bb box_shadow_style=\u00bbpreset1&#8243; locked=\u00bboff\u00bb global_colors_info=\u00bb{}\u00bb button_text_color__hover_enabled=\u00bbon|hover\u00bb button_text_color__hover=\u00bb#ffffff\u00bb button_bg_color__hover_enabled=\u00bbon|desktop\u00bb button_bg_color__hover=\u00bb#40739E\u00bb button_bg_enable_color__hover=\u00bbon\u00bb button_border_color__hover_enabled=\u00bbon|hover\u00bb button_border_color__hover=\u00bb#495153&#8243; button_letter_spacing__hover_enabled=\u00bbon|desktop\u00bb button_letter_spacing__hover=\u00bb0px\u00bb][\/et_pb_button][\/et_pb_column][et_pb_column type=\u00bb1_4&#8243; _builder_version=\u00bb4.27.0&#8243; background_color=\u00bb#0A3D62&#8243; animation_style=\u00bbfade\u00bb animation_delay=\u00bb750ms\u00bb border_width_top_tablet=\u00bb\u00bb border_width_top_phone=\u00bb0px\u00bb border_width_top_last_edited=\u00bbon|phone\u00bb border_color_top_tablet=\u00bb\u00bb border_color_top_phone=\u00bb#ffffff\u00bb border_color_top_last_edited=\u00bbon|phone\u00bb border_width_bottom_tablet=\u00bb\u00bb border_width_bottom_phone=\u00bb10px\u00bb border_width_bottom_last_edited=\u00bbon|phone\u00bb border_color_bottom_tablet=\u00bb\u00bb border_color_bottom_phone=\u00bb#ffffff\u00bb border_color_bottom_last_edited=\u00bbon|phone\u00bb global_colors_info=\u00bb{}\u00bb][et_pb_text _builder_version=\u00bb4.27.0&#8243; text_font=\u00bbCrimson Text||||||||\u00bb text_text_color=\u00bb#ffffff\u00bb text_font_size=\u00bb28px\u00bb text_line_height=\u00bb1.4em\u00bb background_color=\u00bb#0A3D62&#8243; custom_padding=\u00bb70px|50px||50px|false|true\u00bb global_colors_info=\u00bb{}\u00bb]<\/p>\n<p>Cuando tu tranquilidad jur\u00eddica est\u00e1 en juego, necesitas una abogada que te aporte confianza y seguridad.<\/p>\n<p>[\/et_pb_text][et_pb_button button_url=\u00bb@ET-DC@eyJkeW5hbWljIjp0cnVlLCJjb250ZW50IjoicG9zdF9saW5rX3VybF9wYWdlIiwic2V0dGluZ3MiOnsicG9zdF9pZCI6Ijg2In19@\u00bb button_text=\u00bbConoce nuestro servicios\u00bb button_alignment=\u00bbleft\u00bb _builder_version=\u00bb4.27.0&#8243; _dynamic_attributes=\u00bbbutton_url\u00bb custom_button=\u00bbon\u00bb button_text_size=\u00bb15px\u00bb button_text_color=\u00bb#ffffff\u00bb button_bg_color=\u00bb#E1B12C\u00bb button_border_width=\u00bb0px\u00bb button_border_color=\u00bb#C3B595&#8243; button_border_radius=\u00bb0px\u00bb button_font=\u00bb||||||||\u00bb button_use_icon=\u00bboff\u00bb custom_margin=\u00bb50px|50px|50px|50px|true|true\u00bb custom_padding=\u00bb14px|35px|14px|35px|true|true\u00bb box_shadow_style=\u00bbpreset1&#8243; locked=\u00bboff\u00bb global_colors_info=\u00bb{}\u00bb button_text_color__hover_enabled=\u00bbon|hover\u00bb button_text_color__hover=\u00bb#ffffff\u00bb button_bg_color__hover_enabled=\u00bbon|desktop\u00bb button_bg_color__hover=\u00bb#40739E\u00bb button_bg_enable_color__hover=\u00bbon\u00bb button_border_color__hover_enabled=\u00bbon|hover\u00bb button_border_color__hover=\u00bb#495153&#8243; button_letter_spacing__hover_enabled=\u00bbon|desktop\u00bb button_letter_spacing__hover=\u00bb0px\u00bb][\/et_pb_button][et_pb_divider show_divider=\u00bboff\u00bb _builder_version=\u00bb4.27.0&#8243; background_image=\u00bbhttps:\/\/concepcionmartincalbarro.com\/wp-content\/uploads\/2025\/11\/abogada.jpg\u00bb custom_padding=\u00bb42%||42%||true|false\u00bb border_width_top=\u00bb10px\u00bb border_color_top=\u00bb#ffffff\u00bb global_colors_info=\u00bb{}\u00bb][\/et_pb_divider][\/et_pb_column][et_pb_column type=\u00bb1_2&#8243; disabled_on=\u00bboff|off|off\u00bb _builder_version=\u00bb4.27.0&#8243; use_background_color_gradient=\u00bbon\u00bb background_color_gradient_direction=\u00bb226deg\u00bb background_color_gradient_stops=\u00bb#f5f6fa 0%|rgba(255,255,255,0) 75%\u00bb background_color_gradient_overlays_image=\u00bbon\u00bb background_image=\u00bbhttps:\/\/concepcionmartincalbarro.com\/wp-content\/uploads\/2025\/11\/lawyer-55-1.jpg\u00bb animation_style=\u00bbfade\u00bb animation_delay=\u00bb1000ms\u00bb border_width_left=\u00bb10px\u00bb border_color_left=\u00bb#ffffff\u00bb border_width_top_tablet=\u00bb10px\u00bb border_width_top_phone=\u00bb0px\u00bb border_width_top_last_edited=\u00bbon|tablet\u00bb border_color_top_tablet=\u00bb#ffffff\u00bb border_color_top_phone=\u00bb\u00bb border_color_top_last_edited=\u00bbon|tablet\u00bb border_width_left_tablet=\u00bb0px\u00bb border_width_left_phone=\u00bb0px\u00bb border_width_left_last_edited=\u00bbon|phone\u00bb global_colors_info=\u00bb{}\u00bb][et_pb_divider show_divider=\u00bboff\u00bb disabled_on=\u00bboff|off|on\u00bb _builder_version=\u00bb4.27.0&#8243; custom_padding=\u00bb30%||30%||true|false\u00bb global_colors_info=\u00bb{}\u00bb][\/et_pb_divider][\/et_pb_column][\/et_pb_row][\/et_pb_section]<\/p>","protected":false},"excerpt":{"rendered":"<p>Despacho Jur\u00eddico Pluridisciplinar en Almer\u00edaA\u00f1os de experienciaEl despacho de Concepci\u00f3n Mart\u00edn Calbarro desarrolla su actividad profesional desde hace m\u00e1s de dos d\u00e9cadas, ofreciendo asesoramiento y defensa jur\u00eddica en distintas \u00e1reas del Derecho a particulares, familias, empresas y profesionales.La pr\u00e1ctica se apoya en un an\u00e1lisis jur\u00eddico exhaustivo, en la planificaci\u00f3n de la estrategia procesal y en [&hellip;]<\/p>","protected":false},"author":2,"featured_media":0,"parent":0,"menu_order":0,"comment_status":"closed","ping_status":"closed","template":"","meta":{"_et_pb_use_builder":"on","_et_pb_old_content":"","_et_gb_content_width":"","footnotes":""},"class_list":["post-100","page","type-page","status-publish","hentry"],"yoast_head":"<!-- This site is optimized with the Yoast SEO plugin v26.4 - https:\/\/yoast.com\/wordpress\/plugins\/seo\/ -->\n<title>C\u00f3mo trabajamos - Concepci\u00f3n Mart\u00edn Calbarro<\/title>\n<meta name=\"robots\" content=\"index, follow, max-snippet:-1, max-image-preview:large, max-video-preview:-1\" \/>\n<link rel=\"canonical\" href=\"https:\/\/concepcionmartincalbarro.com\/en\/como-trabajamos\/\" \/>\n<meta property=\"og:locale\" content=\"en_GB\" \/>\n<meta property=\"og:type\" content=\"article\" \/>\n<meta property=\"og:title\" content=\"C\u00f3mo trabajamos - Concepci\u00f3n Mart\u00edn Calbarro\" \/>\n<meta property=\"og:description\" content=\"Servicios legales\" \/>\n<meta property=\"og:url\" content=\"https:\/\/concepcionmartincalbarro.com\/en\/como-trabajamos\/\" \/>\n<meta property=\"og:site_name\" content=\"Concepci\u00f3n Mart\u00edn Calbarro\" \/>\n<meta property=\"article:modified_time\" content=\"2025-12-22T11:18:14+00:00\" \/>\n<meta name=\"twitter:card\" content=\"summary_large_image\" \/>\n<meta name=\"twitter:label1\" content=\"Estimated reading time\" \/>\n\t<meta name=\"twitter:data1\" content=\"9 minutes\" \/>\n<script type=\"application\/ld+json\" class=\"yoast-schema-graph\">{\"@context\":\"https:\/\/schema.org\",\"@graph\":[{\"@type\":\"WebPage\",\"@id\":\"https:\/\/concepcionmartincalbarro.com\/como-trabajamos\/\",\"url\":\"https:\/\/concepcionmartincalbarro.com\/como-trabajamos\/\",\"name\":\"C\u00f3mo trabajamos - Concepci\u00f3n Mart\u00edn Calbarro\",\"isPartOf\":{\"@id\":\"https:\/\/concepcionmartincalbarro.com\/#website\"},\"datePublished\":\"2025-11-12T14:42:35+00:00\",\"dateModified\":\"2025-12-22T11:18:14+00:00\",\"breadcrumb\":{\"@id\":\"https:\/\/concepcionmartincalbarro.com\/como-trabajamos\/#breadcrumb\"},\"inLanguage\":\"en-GB\",\"potentialAction\":[{\"@type\":\"ReadAction\",\"target\":[\"https:\/\/concepcionmartincalbarro.com\/como-trabajamos\/\"]}]},{\"@type\":\"BreadcrumbList\",\"@id\":\"https:\/\/concepcionmartincalbarro.com\/como-trabajamos\/#breadcrumb\",\"itemListElement\":[{\"@type\":\"ListItem\",\"position\":1,\"name\":\"Portada\",\"item\":\"https:\/\/concepcionmartincalbarro.com\/\"},{\"@type\":\"ListItem\",\"position\":2,\"name\":\"C\u00f3mo trabajamos\"}]},{\"@type\":\"WebSite\",\"@id\":\"https:\/\/concepcionmartincalbarro.com\/#website\",\"url\":\"https:\/\/concepcionmartincalbarro.com\/\",\"name\":\"Concepci\u00f3n Mart\u00edn Calbarro\",\"description\":\"Abogada - Mediadora - Servicios jur\u00eddicos en Almer\u00eda\",\"publisher\":{\"@id\":\"https:\/\/concepcionmartincalbarro.com\/#organization\"},\"potentialAction\":[{\"@type\":\"SearchAction\",\"target\":{\"@type\":\"EntryPoint\",\"urlTemplate\":\"https:\/\/concepcionmartincalbarro.com\/?s={search_term_string}\"},\"query-input\":{\"@type\":\"PropertyValueSpecification\",\"valueRequired\":true,\"valueName\":\"search_term_string\"}}],\"inLanguage\":\"en-GB\"},{\"@type\":\"Organization\",\"@id\":\"https:\/\/concepcionmartincalbarro.com\/#organization\",\"name\":\"Concepci\u00f3n Mart\u00edn Calbarro\",\"url\":\"https:\/\/concepcionmartincalbarro.com\/\",\"logo\":{\"@type\":\"ImageObject\",\"inLanguage\":\"en-GB\",\"@id\":\"https:\/\/concepcionmartincalbarro.com\/#\/schema\/logo\/image\/\",\"url\":\"https:\/\/concepcionmartincalbarro.com\/wp-content\/uploads\/2025\/11\/logo.jpg\",\"contentUrl\":\"https:\/\/concepcionmartincalbarro.com\/wp-content\/uploads\/2025\/11\/logo.jpg\",\"width\":394,\"height\":87,\"caption\":\"Concepci\u00f3n Mart\u00edn Calbarro\"},\"image\":{\"@id\":\"https:\/\/concepcionmartincalbarro.com\/#\/schema\/logo\/image\/\"}}]}<\/script>\n<!-- \/ Yoast SEO plugin. -->","yoast_head_json":{"title":"C\u00f3mo trabajamos - Concepci\u00f3n Mart\u00edn Calbarro","robots":{"index":"index","follow":"follow","max-snippet":"max-snippet:-1","max-image-preview":"max-image-preview:large","max-video-preview":"max-video-preview:-1"},"canonical":"https:\/\/concepcionmartincalbarro.com\/en\/como-trabajamos\/","og_locale":"en_GB","og_type":"article","og_title":"C\u00f3mo trabajamos - Concepci\u00f3n Mart\u00edn Calbarro","og_description":"Servicios legales","og_url":"https:\/\/concepcionmartincalbarro.com\/en\/como-trabajamos\/","og_site_name":"Concepci\u00f3n Mart\u00edn Calbarro","article_modified_time":"2025-12-22T11:18:14+00:00","twitter_card":"summary_large_image","twitter_misc":{"Estimated reading time":"9 minutes"},"schema":{"@context":"https:\/\/schema.org","@graph":[{"@type":"WebPage","@id":"https:\/\/concepcionmartincalbarro.com\/como-trabajamos\/","url":"https:\/\/concepcionmartincalbarro.com\/como-trabajamos\/","name":"C\u00f3mo trabajamos - Concepci\u00f3n Mart\u00edn Calbarro","isPartOf":{"@id":"https:\/\/concepcionmartincalbarro.com\/#website"},"datePublished":"2025-11-12T14:42:35+00:00","dateModified":"2025-12-22T11:18:14+00:00","breadcrumb":{"@id":"https:\/\/concepcionmartincalbarro.com\/como-trabajamos\/#breadcrumb"},"inLanguage":"en-GB","potentialAction":[{"@type":"ReadAction","target":["https:\/\/concepcionmartincalbarro.com\/como-trabajamos\/"]}]},{"@type":"BreadcrumbList","@id":"https:\/\/concepcionmartincalbarro.com\/como-trabajamos\/#breadcrumb","itemListElement":[{"@type":"ListItem","position":1,"name":"Portada","item":"https:\/\/concepcionmartincalbarro.com\/"},{"@type":"ListItem","position":2,"name":"C\u00f3mo trabajamos"}]},{"@type":"WebSite","@id":"https:\/\/concepcionmartincalbarro.com\/#website","url":"https:\/\/concepcionmartincalbarro.com\/","name":"Concepci\u00f3n Mart\u00edn Calbarro","description":"Abogada - Mediadora - Servicios jur\u00eddicos en Almer\u00eda","publisher":{"@id":"https:\/\/concepcionmartincalbarro.com\/#organization"},"potentialAction":[{"@type":"SearchAction","target":{"@type":"EntryPoint","urlTemplate":"https:\/\/concepcionmartincalbarro.com\/?s={search_term_string}"},"query-input":{"@type":"PropertyValueSpecification","valueRequired":true,"valueName":"search_term_string"}}],"inLanguage":"en-GB"},{"@type":"Organization","@id":"https:\/\/concepcionmartincalbarro.com\/#organization","name":"Concepci\u00f3n Mart\u00edn Calbarro","url":"https:\/\/concepcionmartincalbarro.com\/","logo":{"@type":"ImageObject","inLanguage":"en-GB","@id":"https:\/\/concepcionmartincalbarro.com\/#\/schema\/logo\/image\/","url":"https:\/\/concepcionmartincalbarro.com\/wp-content\/uploads\/2025\/11\/logo.jpg","contentUrl":"https:\/\/concepcionmartincalbarro.com\/wp-content\/uploads\/2025\/11\/logo.jpg","width":394,"height":87,"caption":"Concepci\u00f3n Mart\u00edn Calbarro"},"image":{"@id":"https:\/\/concepcionmartincalbarro.com\/#\/schema\/logo\/image\/"}}]}},"_links":{"self":[{"href":"https:\/\/concepcionmartincalbarro.com\/en\/wp-json\/wp\/v2\/pages\/100","targetHints":{"allow":["GET"]}}],"collection":[{"href":"https:\/\/concepcionmartincalbarro.com\/en\/wp-json\/wp\/v2\/pages"}],"about":[{"href":"https:\/\/concepcionmartincalbarro.com\/en\/wp-json\/wp\/v2\/types\/page"}],"author":[{"embeddable":true,"href":"https:\/\/concepcionmartincalbarro.com\/en\/wp-json\/wp\/v2\/users\/2"}],"replies":[{"embeddable":true,"href":"https:\/\/concepcionmartincalbarro.com\/en\/wp-json\/wp\/v2\/comments?post=100"}],"version-history":[{"count":11,"href":"https:\/\/concepcionmartincalbarro.com\/en\/wp-json\/wp\/v2\/pages\/100\/revisions"}],"predecessor-version":[{"id":275,"href":"https:\/\/concepcionmartincalbarro.com\/en\/wp-json\/wp\/v2\/pages\/100\/revisions\/275"}],"wp:attachment":[{"href":"https:\/\/concepcionmartincalbarro.com\/en\/wp-json\/wp\/v2\/media?parent=100"}],"curies":[{"name":"wp","href":"https:\/\/api.w.org\/{rel}","templated":true}]}}