{"id":3,"date":"2023-01-25T12:32:10","date_gmt":"2023-01-25T12:32:10","guid":{"rendered":"http:\/\/concepcionmartincalbarro.com\/?page_id=3"},"modified":"2026-01-28T12:53:33","modified_gmt":"2026-01-28T12:53:33","slug":"aviso-legal","status":"publish","type":"page","link":"https:\/\/concepcionmartincalbarro.com\/en\/aviso-legal\/","title":{"rendered":"AVISO LEGAL"},"content":{"rendered":"<p>[et_pb_section fb_built=\u00bb1&#8243; custom_padding_last_edited=\u00bboff|desktop\u00bb module_class=\u00bbcutpl-on-1550&#8243; _builder_version=\u00bb4.27.0&#8243; _module_preset=\u00bbdefault\u00bb use_background_color_gradient=\u00bbon\u00bb background_color_gradient_direction=\u00bb130deg\u00bb background_color_gradient_stops=\u00bb#0a3d62 24%|rgba(14,76,89,0.08) 100%\u00bb background_color_gradient_overlays_image=\u00bbon\u00bb background_image=\u00bbhttps:\/\/concepcionmartincalbarro.com\/wp-content\/uploads\/2025\/12\/112389.jpg\u00bb background_position=\u00bbbottom_left\u00bb custom_margin=\u00bb0px||0px||false|false\u00bb custom_padding_tablet=\u00bb275px|40px|70px|40px|false|false\u00bb custom_padding_phone=\u00bb100px|0px|100px|0px|true|false\u00bb animation_style=\u00bbfade\u00bb animation_speed_curve=\u00bbease\u00bb background_last_edited=\u00bboff|desktop\u00bb background_position_phone=\u00bbcenter_right\u00bb background_horizontal_offset_phone=\u00bb15%\u00bb global_colors_info=\u00bb{}\u00bb theme_builder_area=\u00bbpost_content\u00bb][et_pb_row _builder_version=\u00bb4.27.0&#8243; _module_preset=\u00bbdefault\u00bb width=\u00bb90%\u00bb global_colors_info=\u00bb{}\u00bb theme_builder_area=\u00bbpost_content\u00bb][et_pb_column type=\u00bb4_4&#8243; _builder_version=\u00bb4.25.1&#8243; _module_preset=\u00bbdefault\u00bb global_colors_info=\u00bb{}\u00bb theme_builder_area=\u00bbpost_content\u00bb][et_pb_text _builder_version=\u00bb4.27.0&#8243; header_3_font=\u00bbCrimson Text|600|||||||\u00bb header_3_text_align=\u00bbcenter\u00bb header_3_text_color=\u00bb#FFF9F1&#8243; header_3_font_size=\u00bb35px\u00bb header_3_line_height=\u00bb1.2em\u00bb max_width=\u00bb1200px\u00bb module_alignment=\u00bbcenter\u00bb custom_margin=\u00bb|||0px|false|false\u00bb custom_padding=\u00bb|||0px||\u00bb hover_enabled=\u00bb0&#8243; header_3_font_size_tablet=\u00bb\u00bb header_3_font_size_phone=\u00bb25px\u00bb header_3_font_size_last_edited=\u00bbon|phone\u00bb global_colors_info=\u00bb{}\u00bb theme_builder_area=\u00bbpost_content\u00bb _dynamic_attributes=\u00bbcontent\u00bb text_font=\u00bbCrimson Text||||||||\u00bb text_text_color=\u00bb#FFF9F1&#8243; text_font_size=\u00bb35px\u00bb text_orientation=\u00bbcenter\u00bb sticky_enabled=\u00bb0&#8243;]@ET-DC@eyJkeW5hbWljIjp0cnVlLCJjb250ZW50IjoicG9zdF90aXRsZSIsInNldHRpbmdzIjp7ImJlZm9yZSI6IiIsImFmdGVyIjoiIn19@[\/et_pb_text][\/et_pb_column][\/et_pb_row][\/et_pb_section][et_pb_section fb_built=\u00bb1&#8243; custom_padding_last_edited=\u00bbon|phone\u00bb admin_label=\u00bbsection\u00bb _builder_version=\u00bb4.27.0&#8243; custom_padding=\u00bb31px||31px||true|\u00bb custom_padding_tablet=\u00bb90px||90px||true|\u00bb custom_padding_phone=\u00bb0px||0px||true|false\u00bb global_colors_info=\u00bb{}\u00bb theme_builder_area=\u00bbpost_content\u00bb][et_pb_row use_custom_gutter=\u00bbon\u00bb gutter_width=\u00bb2&#8243; make_equal=\u00bbon\u00bb admin_label=\u00bbrow\u00bb _builder_version=\u00bb4.27.0&#8243; background_size=\u00bbinitial\u00bb background_position=\u00bbtop_left\u00bb background_repeat=\u00bbrepeat\u00bb width=\u00bb90%\u00bb width_tablet=\u00bb90%\u00bb width_phone=\u00bb90%\u00bb width_last_edited=\u00bbon|desktop\u00bb max_width=\u00bb1120px\u00bb max_width_tablet=\u00bb90%\u00bb max_width_phone=\u00bb90%\u00bb max_width_last_edited=\u00bbon|tablet\u00bb global_colors_info=\u00bb{}\u00bb theme_builder_area=\u00bbpost_content\u00bb][et_pb_column type=\u00bb4_4&#8243; _builder_version=\u00bb4.16&#8243; custom_padding=\u00bb|||\u00bb global_colors_info=\u00bb{}\u00bb custom_padding__hover=\u00bb|||\u00bb theme_builder_area=\u00bbpost_content\u00bb][et_pb_text _builder_version=\u00bb4.27.0&#8243; _module_preset=\u00bbdefault\u00bb text_text_color=\u00bb#0A3D62&#8243; text_line_height=\u00bb1.8em\u00bb global_colors_info=\u00bb{}\u00bb theme_builder_area=\u00bbpost_content\u00bb]<\/p>\n<p><span style=\"font-weight: 400;\">En cumplimiento del art\u00edculo 10 de la Ley 34\/2002, de 11 de julio, de Servicios de la Sociedad de la Informaci\u00f3n y de Comercio Electr\u00f3nico (LSSICE), se informa de los siguientes datos:<\/span><\/p>\n<p><b>Titular:<\/b><span style=\"font-weight: 400;\"> Concepci\u00f3n Mart\u00edn Calbarro<\/span><span style=\"font-weight: 400;\"><br \/><\/span><b>NIF:<\/b><span style=\"font-weight: 400;\"> 09181740W<\/span><span style=\"font-weight: 400;\"><br \/><\/span><b>Domicilio profesional:<\/b><span style=\"font-weight: 400;\"> C\/ Javier Sanz n\u00ba 7, 4\u00ba D \u2013 04004 \u2013 Almer\u00eda<\/span><span style=\"font-weight: 400;\"><br \/><\/span><b>Tel\u00e9fono:<\/b><span style=\"font-weight: 400;\"> 625 537 251 (cita previa)<\/span><span style=\"font-weight: 400;\"><br \/><\/span><b>Correo electr\u00f3nico:<\/b><span style=\"font-weight: 400;\"> cmartincalbarro@gmail.com<\/span><\/p>\n<p><span style=\"font-weight: 400;\">El presente Aviso Legal regula el uso del sitio web:<\/span><span style=\"font-weight: 400;\"><br \/><\/span><a href=\"about:blank\"><b>https:\/\/concepcionmartincalbarro.com\/<\/b><\/a><\/p>\n<p><b>Uso del sitio web<\/b><\/p>\n<p><span style=\"font-weight: 400;\">El acceso y navegaci\u00f3n por este sitio web atribuye la condici\u00f3n de usuario, implicando la aceptaci\u00f3n plena de las presentes condiciones de uso. El acceso a la web no supone, en ning\u00fan caso, el inicio de una relaci\u00f3n profesional o contractual con la titular.<\/span><\/p>\n<p><b>Legislaci\u00f3n y jurisdicci\u00f3n<\/b><\/p>\n<p><span style=\"font-weight: 400;\">Con car\u00e1cter general, las relaciones entre la titular del sitio web y los usuarios se encuentran sometidas a la legislaci\u00f3n y jurisdicci\u00f3n espa\u00f1olas.<\/span><\/p>\n<p><b>Propiedad intelectual e industrial<\/b><\/p>\n<p><span style=\"font-weight: 400;\">Todos los contenidos del sitio web (textos, im\u00e1genes, dise\u00f1o gr\u00e1fico, logotipos, estructura, etc.) son titularidad de Concepci\u00f3n Mart\u00edn Calbarro o cuentan con los derechos necesarios para su uso, quedando prohibida su reproducci\u00f3n, distribuci\u00f3n o comunicaci\u00f3n p\u00fablica sin autorizaci\u00f3n expresa.<\/span><\/p>\n<p><b>Responsabilidad<\/b><\/p>\n<p><span style=\"font-weight: 400;\">La titular se reserva el derecho a modificar, actualizar o eliminar los contenidos del sitio web sin previo aviso. No se asume responsabilidad alguna por los contenidos de enlaces externos que puedan aparecer, los cuales tienen finalidad meramente informativa.<\/span><\/p>\n<p style=\"text-align: justify;\">\n<p>[\/et_pb_text][\/et_pb_column][\/et_pb_row][\/et_pb_section]<\/p>","protected":false},"excerpt":{"rendered":"<p>En cumplimiento del art\u00edculo 10 de la Ley 34\/2002, de 11 de julio, de Servicios de la Sociedad de la Informaci\u00f3n y de Comercio Electr\u00f3nico (LSSICE), se informa de los siguientes datos: Titular: Concepci\u00f3n Mart\u00edn CalbarroNIF: 09181740WDomicilio profesional: C\/ Javier Sanz n\u00ba 7, 4\u00ba D \u2013 04004 \u2013 Almer\u00edaTel\u00e9fono: 625 537 251 (cita previa)Correo electr\u00f3nico: [&hellip;]<\/p>","protected":false},"author":1,"featured_media":0,"parent":0,"menu_order":0,"comment_status":"closed","ping_status":"closed","template":"","meta":{"_et_pb_use_builder":"on","_et_pb_old_content":"<!-- wp:heading --><h2>Who we are<\/h2><!-- \/wp:heading --><!-- wp:paragraph --><p><strong class=\"privacy-policy-tutorial\">Suggested text: <\/strong>Our website address is: http:\/\/concepcionmartincalbarro.com.<\/p><!-- \/wp:paragraph --><!-- wp:heading --><h2>Comments<\/h2><!-- \/wp:heading --><!-- wp:paragraph --><p><strong class=\"privacy-policy-tutorial\">Suggested text: <\/strong>When visitors leave comments on the site we collect the data shown in the comments form, and also the visitor&#8217;s IP address and browser user agent string to help spam detection.<\/p><!-- \/wp:paragraph --><!-- wp:paragraph --><p>An anonymized string created from your email address (also called a hash) may be provided to the Gravatar service to see if you are using it. The Gravatar service privacy policy is available here: https:\/\/automattic.com\/privacy\/. After approval of your comment, your profile picture is visible to the public in the context of your comment.<\/p><!-- \/wp:paragraph --><!-- wp:heading --><h2>Media<\/h2><!-- \/wp:heading --><!-- wp:paragraph --><p><strong class=\"privacy-policy-tutorial\">Suggested text: <\/strong>If you upload images to the website, you should avoid uploading images with embedded location data (EXIF GPS) included. Visitors to the website can download and extract any location data from images on the website.<\/p><!-- \/wp:paragraph --><!-- wp:heading --><h2>Cookies<\/h2><!-- \/wp:heading --><!-- wp:paragraph --><p><strong class=\"privacy-policy-tutorial\">Suggested text: <\/strong>If you leave a comment on our site you may opt-in to saving your name, email address and website in cookies. These are for your convenience so that you do not have to fill in your details again when you leave another comment. These cookies will last for one year.<\/p><!-- \/wp:paragraph --><!-- wp:paragraph --><p>If you visit our login page, we will set a temporary cookie to determine if your browser accepts cookies. This cookie contains no personal data and is discarded when you close your browser.<\/p><!-- \/wp:paragraph --><!-- wp:paragraph --><p>When you log in, we will also set up several cookies to save your login information and your screen display choices. Login cookies last for two days, and screen options cookies last for a year. If you select &quot;Remember Me&quot;, your login will persist for two weeks. If you log out of your account, the login cookies will be removed.<\/p><!-- \/wp:paragraph --><!-- wp:paragraph --><p>If you edit or publish an article, an additional cookie will be saved in your browser. This cookie includes no personal data and simply indicates the post ID of the article you just edited. It expires after 1 day.<\/p><!-- \/wp:paragraph --><!-- wp:heading --><h2>Embedded content from other websites<\/h2><!-- \/wp:heading --><!-- wp:paragraph --><p><strong class=\"privacy-policy-tutorial\">Suggested text: <\/strong>Articles on this site may include embedded content (e.g. videos, images, articles, etc.). Embedded content from other websites behaves in the exact same way as if the visitor has visited the other website.<\/p><!-- \/wp:paragraph --><!-- wp:paragraph --><p>These websites may collect data about you, use cookies, embed additional third-party tracking, and monitor your interaction with that embedded content, including tracking your interaction with the embedded content if you have an account and are logged in to that website.<\/p><!-- \/wp:paragraph --><!-- wp:heading --><h2>Who we share your data with<\/h2><!-- \/wp:heading --><!-- wp:paragraph --><p><strong class=\"privacy-policy-tutorial\">Suggested text: <\/strong>If you request a password reset, your IP address will be included in the reset email.<\/p><!-- \/wp:paragraph --><!-- wp:heading --><h2>How long we retain your data<\/h2><!-- \/wp:heading --><!-- wp:paragraph --><p><strong class=\"privacy-policy-tutorial\">Suggested text: <\/strong>If you leave a comment, the comment and its metadata are retained indefinitely. This is so we can recognize and approve any follow-up comments automatically instead of holding them in a moderation queue.<\/p><!-- \/wp:paragraph --><!-- wp:paragraph --><p>For users that register on our website (if any), we also store the personal information they provide in their user profile. All users can see, edit, or delete their personal information at any time (except they cannot change their username). Website administrators can also see and edit that information.<\/p><!-- \/wp:paragraph --><!-- wp:heading --><h2>What rights you have over your data<\/h2><!-- \/wp:heading --><!-- wp:paragraph --><p><strong class=\"privacy-policy-tutorial\">Suggested text: <\/strong>If you have an account on this site, or have left comments, you can request to receive an exported file of the personal data we hold about you, including any data you have provided to us. You can also request that we erase any personal data we hold about you. This does not include any data we are obliged to keep for administrative, legal, or security purposes.<\/p><!-- \/wp:paragraph --><!-- wp:heading --><h2>Where your data is sent<\/h2><!-- \/wp:heading --><!-- wp:paragraph --><p><strong class=\"privacy-policy-tutorial\">Suggested text: <\/strong>Visitor comments may be checked through an automated spam detection service.<\/p><!-- \/wp:paragraph -->","_et_gb_content_width":"","footnotes":""},"class_list":["post-3","page","type-page","status-publish","hentry"],"yoast_head":"<!-- This site is optimized with the Yoast SEO plugin v26.4 - https:\/\/yoast.com\/wordpress\/plugins\/seo\/ -->\n<title>AVISO LEGAL - Concepci\u00f3n Mart\u00edn Calbarro<\/title>\n<meta name=\"robots\" content=\"index, follow, max-snippet:-1, max-image-preview:large, max-video-preview:-1\" \/>\n<link rel=\"canonical\" href=\"https:\/\/concepcionmartincalbarro.com\/en\/aviso-legal\/\" \/>\n<meta property=\"og:locale\" content=\"en_GB\" \/>\n<meta property=\"og:type\" content=\"article\" \/>\n<meta property=\"og:title\" content=\"AVISO LEGAL - Concepci\u00f3n Mart\u00edn Calbarro\" \/>\n<meta property=\"og:description\" content=\"Servicios legales\" \/>\n<meta property=\"og:url\" content=\"https:\/\/concepcionmartincalbarro.com\/en\/aviso-legal\/\" \/>\n<meta property=\"og:site_name\" content=\"Concepci\u00f3n Mart\u00edn Calbarro\" \/>\n<meta property=\"article:modified_time\" content=\"2026-01-28T12:53:33+00:00\" \/>\n<meta name=\"twitter:card\" content=\"summary_large_image\" \/>\n<meta name=\"twitter:label1\" content=\"Estimated reading time\" \/>\n\t<meta name=\"twitter:data1\" content=\"3 minutes\" \/>\n<script type=\"application\/ld+json\" class=\"yoast-schema-graph\">{\"@context\":\"https:\/\/schema.org\",\"@graph\":[{\"@type\":\"WebPage\",\"@id\":\"https:\/\/concepcionmartincalbarro.com\/aviso-legal\/\",\"url\":\"https:\/\/concepcionmartincalbarro.com\/aviso-legal\/\",\"name\":\"AVISO LEGAL - Concepci\u00f3n Mart\u00edn Calbarro\",\"isPartOf\":{\"@id\":\"https:\/\/concepcionmartincalbarro.com\/#website\"},\"datePublished\":\"2023-01-25T12:32:10+00:00\",\"dateModified\":\"2026-01-28T12:53:33+00:00\",\"breadcrumb\":{\"@id\":\"https:\/\/concepcionmartincalbarro.com\/aviso-legal\/#breadcrumb\"},\"inLanguage\":\"en-GB\",\"potentialAction\":[{\"@type\":\"ReadAction\",\"target\":[\"https:\/\/concepcionmartincalbarro.com\/aviso-legal\/\"]}]},{\"@type\":\"BreadcrumbList\",\"@id\":\"https:\/\/concepcionmartincalbarro.com\/aviso-legal\/#breadcrumb\",\"itemListElement\":[{\"@type\":\"ListItem\",\"position\":1,\"name\":\"Portada\",\"item\":\"https:\/\/concepcionmartincalbarro.com\/\"},{\"@type\":\"ListItem\",\"position\":2,\"name\":\"AVISO LEGAL\"}]},{\"@type\":\"WebSite\",\"@id\":\"https:\/\/concepcionmartincalbarro.com\/#website\",\"url\":\"https:\/\/concepcionmartincalbarro.com\/\",\"name\":\"Concepci\u00f3n Mart\u00edn Calbarro\",\"description\":\"Abogada - Mediadora - Servicios jur\u00eddicos en Almer\u00eda\",\"publisher\":{\"@id\":\"https:\/\/concepcionmartincalbarro.com\/#organization\"},\"potentialAction\":[{\"@type\":\"SearchAction\",\"target\":{\"@type\":\"EntryPoint\",\"urlTemplate\":\"https:\/\/concepcionmartincalbarro.com\/?s={search_term_string}\"},\"query-input\":{\"@type\":\"PropertyValueSpecification\",\"valueRequired\":true,\"valueName\":\"search_term_string\"}}],\"inLanguage\":\"en-GB\"},{\"@type\":\"Organization\",\"@id\":\"https:\/\/concepcionmartincalbarro.com\/#organization\",\"name\":\"Concepci\u00f3n Mart\u00edn Calbarro\",\"url\":\"https:\/\/concepcionmartincalbarro.com\/\",\"logo\":{\"@type\":\"ImageObject\",\"inLanguage\":\"en-GB\",\"@id\":\"https:\/\/concepcionmartincalbarro.com\/#\/schema\/logo\/image\/\",\"url\":\"https:\/\/concepcionmartincalbarro.com\/wp-content\/uploads\/2025\/11\/logo.jpg\",\"contentUrl\":\"https:\/\/concepcionmartincalbarro.com\/wp-content\/uploads\/2025\/11\/logo.jpg\",\"width\":394,\"height\":87,\"caption\":\"Concepci\u00f3n Mart\u00edn Calbarro\"},\"image\":{\"@id\":\"https:\/\/concepcionmartincalbarro.com\/#\/schema\/logo\/image\/\"}}]}<\/script>\n<!-- \/ Yoast SEO plugin. -->","yoast_head_json":{"title":"AVISO LEGAL - Concepci\u00f3n Mart\u00edn Calbarro","robots":{"index":"index","follow":"follow","max-snippet":"max-snippet:-1","max-image-preview":"max-image-preview:large","max-video-preview":"max-video-preview:-1"},"canonical":"https:\/\/concepcionmartincalbarro.com\/en\/aviso-legal\/","og_locale":"en_GB","og_type":"article","og_title":"AVISO LEGAL - Concepci\u00f3n Mart\u00edn Calbarro","og_description":"Servicios legales","og_url":"https:\/\/concepcionmartincalbarro.com\/en\/aviso-legal\/","og_site_name":"Concepci\u00f3n Mart\u00edn Calbarro","article_modified_time":"2026-01-28T12:53:33+00:00","twitter_card":"summary_large_image","twitter_misc":{"Estimated reading time":"3 minutes"},"schema":{"@context":"https:\/\/schema.org","@graph":[{"@type":"WebPage","@id":"https:\/\/concepcionmartincalbarro.com\/aviso-legal\/","url":"https:\/\/concepcionmartincalbarro.com\/aviso-legal\/","name":"AVISO LEGAL - Concepci\u00f3n Mart\u00edn Calbarro","isPartOf":{"@id":"https:\/\/concepcionmartincalbarro.com\/#website"},"datePublished":"2023-01-25T12:32:10+00:00","dateModified":"2026-01-28T12:53:33+00:00","breadcrumb":{"@id":"https:\/\/concepcionmartincalbarro.com\/aviso-legal\/#breadcrumb"},"inLanguage":"en-GB","potentialAction":[{"@type":"ReadAction","target":["https:\/\/concepcionmartincalbarro.com\/aviso-legal\/"]}]},{"@type":"BreadcrumbList","@id":"https:\/\/concepcionmartincalbarro.com\/aviso-legal\/#breadcrumb","itemListElement":[{"@type":"ListItem","position":1,"name":"Portada","item":"https:\/\/concepcionmartincalbarro.com\/"},{"@type":"ListItem","position":2,"name":"AVISO LEGAL"}]},{"@type":"WebSite","@id":"https:\/\/concepcionmartincalbarro.com\/#website","url":"https:\/\/concepcionmartincalbarro.com\/","name":"Concepci\u00f3n Mart\u00edn Calbarro","description":"Abogada - Mediadora - Servicios jur\u00eddicos en Almer\u00eda","publisher":{"@id":"https:\/\/concepcionmartincalbarro.com\/#organization"},"potentialAction":[{"@type":"SearchAction","target":{"@type":"EntryPoint","urlTemplate":"https:\/\/concepcionmartincalbarro.com\/?s={search_term_string}"},"query-input":{"@type":"PropertyValueSpecification","valueRequired":true,"valueName":"search_term_string"}}],"inLanguage":"en-GB"},{"@type":"Organization","@id":"https:\/\/concepcionmartincalbarro.com\/#organization","name":"Concepci\u00f3n Mart\u00edn Calbarro","url":"https:\/\/concepcionmartincalbarro.com\/","logo":{"@type":"ImageObject","inLanguage":"en-GB","@id":"https:\/\/concepcionmartincalbarro.com\/#\/schema\/logo\/image\/","url":"https:\/\/concepcionmartincalbarro.com\/wp-content\/uploads\/2025\/11\/logo.jpg","contentUrl":"https:\/\/concepcionmartincalbarro.com\/wp-content\/uploads\/2025\/11\/logo.jpg","width":394,"height":87,"caption":"Concepci\u00f3n Mart\u00edn Calbarro"},"image":{"@id":"https:\/\/concepcionmartincalbarro.com\/#\/schema\/logo\/image\/"}}]}},"_links":{"self":[{"href":"https:\/\/concepcionmartincalbarro.com\/en\/wp-json\/wp\/v2\/pages\/3","targetHints":{"allow":["GET"]}}],"collection":[{"href":"https:\/\/concepcionmartincalbarro.com\/en\/wp-json\/wp\/v2\/pages"}],"about":[{"href":"https:\/\/concepcionmartincalbarro.com\/en\/wp-json\/wp\/v2\/types\/page"}],"author":[{"embeddable":true,"href":"https:\/\/concepcionmartincalbarro.com\/en\/wp-json\/wp\/v2\/users\/1"}],"replies":[{"embeddable":true,"href":"https:\/\/concepcionmartincalbarro.com\/en\/wp-json\/wp\/v2\/comments?post=3"}],"version-history":[{"count":4,"href":"https:\/\/concepcionmartincalbarro.com\/en\/wp-json\/wp\/v2\/pages\/3\/revisions"}],"predecessor-version":[{"id":318,"href":"https:\/\/concepcionmartincalbarro.com\/en\/wp-json\/wp\/v2\/pages\/3\/revisions\/318"}],"wp:attachment":[{"href":"https:\/\/concepcionmartincalbarro.com\/en\/wp-json\/wp\/v2\/media?parent=3"}],"curies":[{"name":"wp","href":"https:\/\/api.w.org\/{rel}","templated":true}]}}