{"id":307,"date":"2026-01-28T12:45:42","date_gmt":"2026-01-28T12:45:42","guid":{"rendered":"https:\/\/concepcionmartincalbarro.com\/?page_id=307"},"modified":"2026-01-28T12:46:25","modified_gmt":"2026-01-28T12:46:25","slug":"politica-de-cookies","status":"publish","type":"page","link":"https:\/\/concepcionmartincalbarro.com\/en\/politica-de-cookies\/","title":{"rendered":"POL\u00cdTICA DE COOKIES"},"content":{"rendered":"<p>[et_pb_section fb_built=\u00bb1&#8243; custom_padding_last_edited=\u00bboff|desktop\u00bb module_class=\u00bbcutpl-on-1550&#8243; _builder_version=\u00bb4.27.0&#8243; _module_preset=\u00bbdefault\u00bb use_background_color_gradient=\u00bbon\u00bb background_color_gradient_direction=\u00bb130deg\u00bb background_color_gradient_stops=\u00bb#0a3d62 24%|rgba(14,76,89,0.08) 100%\u00bb background_color_gradient_overlays_image=\u00bbon\u00bb background_image=\u00bbhttps:\/\/concepcionmartincalbarro.com\/wp-content\/uploads\/2025\/12\/112389.jpg\u00bb background_position=\u00bbbottom_left\u00bb custom_margin=\u00bb0px||0px||false|false\u00bb custom_padding_tablet=\u00bb275px|40px|70px|40px|false|false\u00bb custom_padding_phone=\u00bb100px|0px|100px|0px|true|false\u00bb animation_style=\u00bbfade\u00bb animation_speed_curve=\u00bbease\u00bb background_last_edited=\u00bboff|desktop\u00bb background_position_phone=\u00bbcenter_right\u00bb background_horizontal_offset_phone=\u00bb15%\u00bb global_colors_info=\u00bb{}\u00bb theme_builder_area=\u00bbpost_content\u00bb][et_pb_row _builder_version=\u00bb4.27.0&#8243; _module_preset=\u00bbdefault\u00bb width=\u00bb90%\u00bb global_colors_info=\u00bb{}\u00bb theme_builder_area=\u00bbpost_content\u00bb][et_pb_column type=\u00bb4_4&#8243; _builder_version=\u00bb4.25.1&#8243; _module_preset=\u00bbdefault\u00bb global_colors_info=\u00bb{}\u00bb theme_builder_area=\u00bbpost_content\u00bb][et_pb_text _builder_version=\u00bb4.27.0&#8243; _dynamic_attributes=\u00bbcontent\u00bb text_font=\u00bbCrimson Text||||||||\u00bb text_text_color=\u00bb#FFF9F1&#8243; text_font_size=\u00bb35px\u00bb header_3_font=\u00bbCrimson Text|600|||||||\u00bb header_3_text_align=\u00bbcenter\u00bb header_3_text_color=\u00bb#FFF9F1&#8243; header_3_font_size=\u00bb35px\u00bb header_3_line_height=\u00bb1.2em\u00bb text_orientation=\u00bbcenter\u00bb max_width=\u00bb1200px\u00bb module_alignment=\u00bbcenter\u00bb custom_margin=\u00bb|||0px|false|false\u00bb custom_padding=\u00bb|||0px||\u00bb header_3_font_size_tablet=\u00bb\u00bb header_3_font_size_phone=\u00bb25px\u00bb header_3_font_size_last_edited=\u00bbon|phone\u00bb global_colors_info=\u00bb{}\u00bb theme_builder_area=\u00bbpost_content\u00bb]@ET-DC@eyJkeW5hbWljIjp0cnVlLCJjb250ZW50IjoicG9zdF90aXRsZSIsInNldHRpbmdzIjp7ImJlZm9yZSI6IiIsImFmdGVyIjoiIn19@[\/et_pb_text][\/et_pb_column][\/et_pb_row][\/et_pb_section][et_pb_section fb_built=\u00bb1&#8243; custom_padding_last_edited=\u00bbon|phone\u00bb admin_label=\u00bbsection\u00bb _builder_version=\u00bb4.27.0&#8243; custom_padding=\u00bb31px||31px||true|\u00bb custom_padding_tablet=\u00bb90px||90px||true|\u00bb custom_padding_phone=\u00bb0px||0px||true|false\u00bb global_colors_info=\u00bb{}\u00bb theme_builder_area=\u00bbpost_content\u00bb][et_pb_row use_custom_gutter=\u00bbon\u00bb gutter_width=\u00bb2&#8243; make_equal=\u00bbon\u00bb admin_label=\u00bbrow\u00bb _builder_version=\u00bb4.27.0&#8243; background_size=\u00bbinitial\u00bb background_position=\u00bbtop_left\u00bb background_repeat=\u00bbrepeat\u00bb width=\u00bb90%\u00bb width_tablet=\u00bb90%\u00bb width_phone=\u00bb90%\u00bb width_last_edited=\u00bbon|desktop\u00bb max_width=\u00bb1120px\u00bb max_width_tablet=\u00bb90%\u00bb max_width_phone=\u00bb90%\u00bb max_width_last_edited=\u00bbon|tablet\u00bb global_colors_info=\u00bb{}\u00bb theme_builder_area=\u00bbpost_content\u00bb][et_pb_column type=\u00bb4_4&#8243; _builder_version=\u00bb4.16&#8243; custom_padding=\u00bb|||\u00bb global_colors_info=\u00bb{}\u00bb custom_padding__hover=\u00bb|||\u00bb theme_builder_area=\u00bbpost_content\u00bb][et_pb_text _builder_version=\u00bb4.27.0&#8243; _module_preset=\u00bbdefault\u00bb text_text_color=\u00bb#0A3D62&#8243; text_line_height=\u00bb1.8em\u00bb global_colors_info=\u00bb{}\u00bb theme_builder_area=\u00bbpost_content\u00bb]<\/p>\n<p><b>\u00bfQu\u00e9 son las cookies?<\/b><\/p>\n<p><span style=\"font-weight: 400;\">Las cookies son peque\u00f1os archivos que se descargan en el dispositivo del usuario al acceder a determinadas p\u00e1ginas web y permiten, entre otras cosas, mejorar la experiencia de navegaci\u00f3n.<\/span><\/p>\n<p><b>Cookies utilizadas en este sitio web<\/b><\/p>\n<p><span style=\"font-weight: 400;\">Este sitio web utiliza:<\/span><\/p>\n<ul>\n<li style=\"font-weight: 400;\" aria-level=\"1\"><b>Cookies t\u00e9cnicas<\/b><span style=\"font-weight: 400;\">, necesarias para el correcto funcionamiento del sitio web.<\/span><\/li>\n<li style=\"font-weight: 400;\" aria-level=\"1\"><b>Cookies anal\u00edticas<\/b><span style=\"font-weight: 400;\">, \u00fanicamente si el usuario presta su consentimiento expreso (por ejemplo, Google Analytics, si estuviera activo).<\/span><\/li>\n<\/ul>\n<p><b>Gesti\u00f3n del consentimiento<\/b><\/p>\n<p><span style=\"font-weight: 400;\">Las cookies anal\u00edticas solo se instalar\u00e1n cuando el usuario lo autorice expresamente mediante el panel de configuraci\u00f3n de cookies. El usuario puede aceptar, rechazar o configurar el uso de cookies en cualquier momento.<\/span><\/p>\n<p><b>Configuraci\u00f3n desde el navegador<\/b><\/p>\n<p><span style=\"font-weight: 400;\">El usuario puede configurar su navegador para permitir, bloquear o eliminar las cookies instaladas en su equipo.<\/span><\/p>\n<p><b>\ud83d\udd52 INFORMACI\u00d3N DE ATENCI\u00d3N (OPCIONAL, RECOMENDADO EN LA WEB)<\/b><\/p>\n<p><span style=\"font-weight: 400;\">Puedes a\u00f1adir este texto en la secci\u00f3n de contacto:<\/span><\/p>\n<p><b>Horario de atenci\u00f3n<\/b><span style=\"font-weight: 400;\"><br \/><\/span><span style=\"font-weight: 400;\">De lunes a viernes, de 08:00 a 16:00 horas.<\/span><span style=\"font-weight: 400;\"><br \/><\/span><span style=\"font-weight: 400;\">Atenci\u00f3n mediante cita previa solicitada por tel\u00e9fono o correo electr\u00f3nico.<\/span><\/p>\n<p style=\"text-align: justify;\">\n<p>[\/et_pb_text][\/et_pb_column][\/et_pb_row][\/et_pb_section]<\/p>","protected":false},"excerpt":{"rendered":"<p>\u00bfQu\u00e9 son las cookies? Las cookies son peque\u00f1os archivos que se descargan en el dispositivo del usuario al acceder a determinadas p\u00e1ginas web y permiten, entre otras cosas, mejorar la experiencia de navegaci\u00f3n. Cookies utilizadas en este sitio web Este sitio web utiliza: Cookies t\u00e9cnicas, necesarias para el correcto funcionamiento del sitio web. Cookies anal\u00edticas, [&hellip;]<\/p>","protected":false},"author":2,"featured_media":0,"parent":0,"menu_order":0,"comment_status":"closed","ping_status":"closed","template":"","meta":{"_et_pb_use_builder":"on","_et_pb_old_content":"","_et_gb_content_width":"","footnotes":""},"class_list":["post-307","page","type-page","status-publish","hentry"],"yoast_head":"<!-- This site is optimized with the Yoast SEO plugin v26.4 - https:\/\/yoast.com\/wordpress\/plugins\/seo\/ -->\n<title>POL\u00cdTICA DE COOKIES - Concepci\u00f3n Mart\u00edn Calbarro<\/title>\n<meta name=\"robots\" content=\"index, follow, max-snippet:-1, max-image-preview:large, max-video-preview:-1\" \/>\n<link rel=\"canonical\" href=\"https:\/\/concepcionmartincalbarro.com\/en\/politica-de-cookies\/\" \/>\n<meta property=\"og:locale\" content=\"en_GB\" \/>\n<meta property=\"og:type\" content=\"article\" \/>\n<meta property=\"og:title\" content=\"POL\u00cdTICA DE COOKIES - Concepci\u00f3n Mart\u00edn Calbarro\" \/>\n<meta property=\"og:description\" content=\"Servicios legales\" \/>\n<meta property=\"og:url\" content=\"https:\/\/concepcionmartincalbarro.com\/en\/politica-de-cookies\/\" \/>\n<meta property=\"og:site_name\" content=\"Concepci\u00f3n Mart\u00edn Calbarro\" \/>\n<meta property=\"article:modified_time\" content=\"2026-01-28T12:46:25+00:00\" \/>\n<meta name=\"twitter:card\" content=\"summary_large_image\" \/>\n<script type=\"application\/ld+json\" class=\"yoast-schema-graph\">{\"@context\":\"https:\/\/schema.org\",\"@graph\":[{\"@type\":\"WebPage\",\"@id\":\"https:\/\/concepcionmartincalbarro.com\/politica-de-cookies\/\",\"url\":\"https:\/\/concepcionmartincalbarro.com\/politica-de-cookies\/\",\"name\":\"POL\u00cdTICA DE COOKIES - Concepci\u00f3n Mart\u00edn Calbarro\",\"isPartOf\":{\"@id\":\"https:\/\/concepcionmartincalbarro.com\/#website\"},\"datePublished\":\"2026-01-28T12:45:42+00:00\",\"dateModified\":\"2026-01-28T12:46:25+00:00\",\"breadcrumb\":{\"@id\":\"https:\/\/concepcionmartincalbarro.com\/politica-de-cookies\/#breadcrumb\"},\"inLanguage\":\"en-GB\",\"potentialAction\":[{\"@type\":\"ReadAction\",\"target\":[\"https:\/\/concepcionmartincalbarro.com\/politica-de-cookies\/\"]}]},{\"@type\":\"BreadcrumbList\",\"@id\":\"https:\/\/concepcionmartincalbarro.com\/politica-de-cookies\/#breadcrumb\",\"itemListElement\":[{\"@type\":\"ListItem\",\"position\":1,\"name\":\"Portada\",\"item\":\"https:\/\/concepcionmartincalbarro.com\/\"},{\"@type\":\"ListItem\",\"position\":2,\"name\":\"POL\u00cdTICA DE COOKIES\"}]},{\"@type\":\"WebSite\",\"@id\":\"https:\/\/concepcionmartincalbarro.com\/#website\",\"url\":\"https:\/\/concepcionmartincalbarro.com\/\",\"name\":\"Concepci\u00f3n Mart\u00edn Calbarro\",\"description\":\"Abogada - Mediadora - Servicios jur\u00eddicos en Almer\u00eda\",\"publisher\":{\"@id\":\"https:\/\/concepcionmartincalbarro.com\/#organization\"},\"potentialAction\":[{\"@type\":\"SearchAction\",\"target\":{\"@type\":\"EntryPoint\",\"urlTemplate\":\"https:\/\/concepcionmartincalbarro.com\/?s={search_term_string}\"},\"query-input\":{\"@type\":\"PropertyValueSpecification\",\"valueRequired\":true,\"valueName\":\"search_term_string\"}}],\"inLanguage\":\"en-GB\"},{\"@type\":\"Organization\",\"@id\":\"https:\/\/concepcionmartincalbarro.com\/#organization\",\"name\":\"Concepci\u00f3n Mart\u00edn Calbarro\",\"url\":\"https:\/\/concepcionmartincalbarro.com\/\",\"logo\":{\"@type\":\"ImageObject\",\"inLanguage\":\"en-GB\",\"@id\":\"https:\/\/concepcionmartincalbarro.com\/#\/schema\/logo\/image\/\",\"url\":\"https:\/\/concepcionmartincalbarro.com\/wp-content\/uploads\/2025\/11\/logo.jpg\",\"contentUrl\":\"https:\/\/concepcionmartincalbarro.com\/wp-content\/uploads\/2025\/11\/logo.jpg\",\"width\":394,\"height\":87,\"caption\":\"Concepci\u00f3n Mart\u00edn Calbarro\"},\"image\":{\"@id\":\"https:\/\/concepcionmartincalbarro.com\/#\/schema\/logo\/image\/\"}}]}<\/script>\n<!-- \/ Yoast SEO plugin. -->","yoast_head_json":{"title":"POL\u00cdTICA DE COOKIES - Concepci\u00f3n Mart\u00edn Calbarro","robots":{"index":"index","follow":"follow","max-snippet":"max-snippet:-1","max-image-preview":"max-image-preview:large","max-video-preview":"max-video-preview:-1"},"canonical":"https:\/\/concepcionmartincalbarro.com\/en\/politica-de-cookies\/","og_locale":"en_GB","og_type":"article","og_title":"POL\u00cdTICA DE COOKIES - Concepci\u00f3n Mart\u00edn Calbarro","og_description":"Servicios legales","og_url":"https:\/\/concepcionmartincalbarro.com\/en\/politica-de-cookies\/","og_site_name":"Concepci\u00f3n Mart\u00edn Calbarro","article_modified_time":"2026-01-28T12:46:25+00:00","twitter_card":"summary_large_image","schema":{"@context":"https:\/\/schema.org","@graph":[{"@type":"WebPage","@id":"https:\/\/concepcionmartincalbarro.com\/politica-de-cookies\/","url":"https:\/\/concepcionmartincalbarro.com\/politica-de-cookies\/","name":"POL\u00cdTICA DE COOKIES - Concepci\u00f3n Mart\u00edn Calbarro","isPartOf":{"@id":"https:\/\/concepcionmartincalbarro.com\/#website"},"datePublished":"2026-01-28T12:45:42+00:00","dateModified":"2026-01-28T12:46:25+00:00","breadcrumb":{"@id":"https:\/\/concepcionmartincalbarro.com\/politica-de-cookies\/#breadcrumb"},"inLanguage":"en-GB","potentialAction":[{"@type":"ReadAction","target":["https:\/\/concepcionmartincalbarro.com\/politica-de-cookies\/"]}]},{"@type":"BreadcrumbList","@id":"https:\/\/concepcionmartincalbarro.com\/politica-de-cookies\/#breadcrumb","itemListElement":[{"@type":"ListItem","position":1,"name":"Portada","item":"https:\/\/concepcionmartincalbarro.com\/"},{"@type":"ListItem","position":2,"name":"POL\u00cdTICA DE COOKIES"}]},{"@type":"WebSite","@id":"https:\/\/concepcionmartincalbarro.com\/#website","url":"https:\/\/concepcionmartincalbarro.com\/","name":"Concepci\u00f3n Mart\u00edn Calbarro","description":"Abogada - Mediadora - Servicios jur\u00eddicos en Almer\u00eda","publisher":{"@id":"https:\/\/concepcionmartincalbarro.com\/#organization"},"potentialAction":[{"@type":"SearchAction","target":{"@type":"EntryPoint","urlTemplate":"https:\/\/concepcionmartincalbarro.com\/?s={search_term_string}"},"query-input":{"@type":"PropertyValueSpecification","valueRequired":true,"valueName":"search_term_string"}}],"inLanguage":"en-GB"},{"@type":"Organization","@id":"https:\/\/concepcionmartincalbarro.com\/#organization","name":"Concepci\u00f3n Mart\u00edn Calbarro","url":"https:\/\/concepcionmartincalbarro.com\/","logo":{"@type":"ImageObject","inLanguage":"en-GB","@id":"https:\/\/concepcionmartincalbarro.com\/#\/schema\/logo\/image\/","url":"https:\/\/concepcionmartincalbarro.com\/wp-content\/uploads\/2025\/11\/logo.jpg","contentUrl":"https:\/\/concepcionmartincalbarro.com\/wp-content\/uploads\/2025\/11\/logo.jpg","width":394,"height":87,"caption":"Concepci\u00f3n Mart\u00edn Calbarro"},"image":{"@id":"https:\/\/concepcionmartincalbarro.com\/#\/schema\/logo\/image\/"}}]}},"_links":{"self":[{"href":"https:\/\/concepcionmartincalbarro.com\/en\/wp-json\/wp\/v2\/pages\/307","targetHints":{"allow":["GET"]}}],"collection":[{"href":"https:\/\/concepcionmartincalbarro.com\/en\/wp-json\/wp\/v2\/pages"}],"about":[{"href":"https:\/\/concepcionmartincalbarro.com\/en\/wp-json\/wp\/v2\/types\/page"}],"author":[{"embeddable":true,"href":"https:\/\/concepcionmartincalbarro.com\/en\/wp-json\/wp\/v2\/users\/2"}],"replies":[{"embeddable":true,"href":"https:\/\/concepcionmartincalbarro.com\/en\/wp-json\/wp\/v2\/comments?post=307"}],"version-history":[{"count":3,"href":"https:\/\/concepcionmartincalbarro.com\/en\/wp-json\/wp\/v2\/pages\/307\/revisions"}],"predecessor-version":[{"id":310,"href":"https:\/\/concepcionmartincalbarro.com\/en\/wp-json\/wp\/v2\/pages\/307\/revisions\/310"}],"wp:attachment":[{"href":"https:\/\/concepcionmartincalbarro.com\/en\/wp-json\/wp\/v2\/media?parent=307"}],"curies":[{"name":"wp","href":"https:\/\/api.w.org\/{rel}","templated":true}]}}